{"id":437,"date":"2024-10-08T22:13:07","date_gmt":"2024-10-08T21:13:07","guid":{"rendered":"https:\/\/espai71.com\/apartament-amb-feng-shui\/"},"modified":"2024-10-24T10:56:10","modified_gmt":"2024-10-24T09:56:10","slug":"apartament-amb-feng-shui","status":"publish","type":"page","link":"https:\/\/espai71.com\/ca\/apartament-amb-feng-shui\/","title":{"rendered":"Apartament amb Feng Shui"},"content":{"rendered":"\t\t<div data-elementor-type=\"wp-page\" data-elementor-id=\"437\" class=\"elementor elementor-437 elementor-317\" data-elementor-post-type=\"page\">\n\t\t\t\t<div class=\"elementor-element elementor-element-676f4eec e-flex e-con-boxed e-con e-parent\" data-id=\"676f4eec\" data-element_type=\"container\" data-settings=\"{&quot;background_background&quot;:&quot;classic&quot;}\">\n\t\t\t\t\t<div class=\"e-con-inner\">\n\t\t<div class=\"elementor-element elementor-element-a3951a7 e-con-full e-flex e-con e-child\" data-id=\"a3951a7\" data-element_type=\"container\">\n\t\t\t\t<div class=\"elementor-element elementor-element-5b30988d elementor-widget elementor-widget-heading\" data-id=\"5b30988d\" data-element_type=\"widget\" data-widget_type=\"heading.default\">\n\t\t\t\t<div class=\"elementor-widget-container\">\n\t\t\t\t\t<h1 class=\"elementor-heading-title elementor-size-default\">Feng Shui a Menorca<\/h1>\t\t\t\t<\/div>\n\t\t\t\t<\/div>\n\t\t\t\t<div class=\"elementor-element elementor-element-4a9939e0 elementor-widget elementor-widget-heading\" data-id=\"4a9939e0\" data-element_type=\"widget\" data-widget_type=\"heading.default\">\n\t\t\t\t<div class=\"elementor-widget-container\">\n\t\t\t\t\t<h2 class=\"elementor-heading-title elementor-size-default\">Apartament amb feng shui<\/h2>\t\t\t\t<\/div>\n\t\t\t\t<\/div>\n\t\t\t\t<div class=\"elementor-element elementor-element-61d97af2 elementor-widget elementor-widget-text-editor\" data-id=\"61d97af2\" data-element_type=\"widget\" data-widget_type=\"text-editor.default\">\n\t\t\t\t<div class=\"elementor-widget-container\">\n\t\t\t\t\t\t\t\t\t<p><b>Anselm Clav\u00e9: Un Projecte de Disseny \u00danic<\/b><span style=\"font-weight: 400;\">  Benvingut a la presentaci\u00f3 del projecte Anselm Clav\u00e9, un espai on el disseny i la tecnologia s&#8217;uneixen per oferir una visi\u00f3 innovadora. Aquest projecte de renderitzat s&#8217;ha creat amb l&#8217;objectiu de destacar la bellesa i la funcionalitat d&#8217;un entorn dissenyat amb cura, reflectint el comprom\u00eds amb l&#8217;est\u00e8tica i el detall en cada aspecte. <\/span><\/p>\n\t\t\t\t\t\t\t\t<\/div>\n\t\t\t\t<\/div>\n\t\t<div class=\"elementor-element elementor-element-6dc2c193 e-con-full e-flex e-con e-child\" data-id=\"6dc2c193\" data-element_type=\"container\" data-settings=\"{&quot;background_background&quot;:&quot;classic&quot;}\">\n\t\t\t\t<\/div>\n\t\t\t\t<\/div>\n\t\t\t\t\t<\/div>\n\t\t\t\t<\/div>\n\t\t<div class=\"elementor-element elementor-element-77359e2f e-flex e-con-boxed e-con e-parent\" data-id=\"77359e2f\" data-element_type=\"container\">\n\t\t\t\t\t<div class=\"e-con-inner\">\n\t\t<div class=\"elementor-element elementor-element-49de884f e-con-full e-flex e-con e-child\" data-id=\"49de884f\" data-element_type=\"container\">\n\t\t\t\t<div class=\"elementor-element elementor-element-339baf6e elementor-widget elementor-widget-heading\" data-id=\"339baf6e\" data-element_type=\"widget\" data-widget_type=\"heading.default\">\n\t\t\t\t<div class=\"elementor-widget-container\">\n\t\t\t\t\t<h2 class=\"elementor-heading-title elementor-size-default\">Objectiu<\/h2>\t\t\t\t<\/div>\n\t\t\t\t<\/div>\n\t\t\t\t<div class=\"elementor-element elementor-element-6ae67fe8 elementor-widget elementor-widget-text-editor\" data-id=\"6ae67fe8\" data-element_type=\"widget\" data-widget_type=\"text-editor.default\">\n\t\t\t\t<div class=\"elementor-widget-container\">\n\t\t\t\t\t\t\t\t\t<p><b>El nostre Prop\u00f2sit: Visualitzar el Futur<\/b><span style=\"font-weight: 400;\">  El principal objectiu del projecte \u00e9s oferir una representaci\u00f3 fidel i detallada de l\u201fespai arquitect\u00f2nic, ajudant a visualitzar com les idees cobren vida en forma d\u201fimatges impactants. A trav\u00e9s de l&#8217;\u00fas de t\u00e8cniques avan\u00e7ades de renderitzaci\u00f3, hem capturat cada detall i textura perqu\u00e8 et puguis submergir en l&#8217;experi\u00e8ncia d&#8217;aquest disseny innovador. <\/span><\/p>\n\t\t\t\t\t\t\t\t<\/div>\n\t\t\t\t<\/div>\n\t\t<div class=\"elementor-element elementor-element-b5390dd e-con-full e-flex e-con e-child\" data-id=\"b5390dd\" data-element_type=\"container\">\n\t\t<div class=\"elementor-element elementor-element-e426f31 e-con-full e-flex e-con e-child\" data-id=\"e426f31\" data-element_type=\"container\">\n\t\t<div class=\"elementor-element elementor-element-4b360061 e-con-full e-flex elementor-invisible e-con e-child\" data-id=\"4b360061\" data-element_type=\"container\" data-settings=\"{&quot;background_background&quot;:&quot;classic&quot;,&quot;animation&quot;:&quot;fadeIn&quot;}\">\n\t\t\t\t<\/div>\n\t\t\t\t<\/div>\n\t\t<div class=\"elementor-element elementor-element-1fa4bc44 e-con-full e-flex e-con e-child\" data-id=\"1fa4bc44\" data-element_type=\"container\">\n\t\t<div class=\"elementor-element elementor-element-3a7ea2d1 e-con-full e-flex elementor-invisible e-con e-child\" data-id=\"3a7ea2d1\" data-element_type=\"container\" data-settings=\"{&quot;background_background&quot;:&quot;classic&quot;,&quot;animation&quot;:&quot;fadeIn&quot;}\">\n\t\t\t\t<\/div>\n\t\t\t\t<\/div>\n\t\t<div class=\"elementor-element elementor-element-54929098 e-con-full e-flex e-con e-child\" data-id=\"54929098\" data-element_type=\"container\">\n\t\t<div class=\"elementor-element elementor-element-3e6994ae e-con-full e-flex elementor-invisible e-con e-child\" data-id=\"3e6994ae\" data-element_type=\"container\" data-settings=\"{&quot;background_background&quot;:&quot;classic&quot;,&quot;animation&quot;:&quot;fadeIn&quot;}\">\n\t\t\t\t<\/div>\n\t\t\t\t<\/div>\n\t\t<div class=\"elementor-element elementor-element-1cc836da e-con-full e-flex e-con e-child\" data-id=\"1cc836da\" data-element_type=\"container\">\n\t\t<div class=\"elementor-element elementor-element-1fe68cd3 e-con-full e-flex elementor-invisible e-con e-child\" data-id=\"1fe68cd3\" data-element_type=\"container\" data-settings=\"{&quot;background_background&quot;:&quot;classic&quot;,&quot;animation&quot;:&quot;fadeIn&quot;}\">\n\t\t\t\t<\/div>\n\t\t\t\t<\/div>\n\t\t\t\t<\/div>\n\t\t\t\t<\/div>\n\t\t\t\t\t<\/div>\n\t\t\t\t<\/div>\n\t\t<div class=\"elementor-element elementor-element-1e7b5db e-flex e-con-boxed e-con e-parent\" data-id=\"1e7b5db\" data-element_type=\"container\">\n\t\t\t\t\t<div class=\"e-con-inner\">\n\t\t<div class=\"elementor-element elementor-element-496fbc7f e-con-full e-flex e-con e-child\" data-id=\"496fbc7f\" data-element_type=\"container\">\n\t\t\t\t<div class=\"elementor-element elementor-element-153fef97 elementor-widget elementor-widget-heading\" data-id=\"153fef97\" data-element_type=\"widget\" data-widget_type=\"heading.default\">\n\t\t\t\t<div class=\"elementor-widget-container\">\n\t\t\t\t\t<h2 class=\"elementor-heading-title elementor-size-default\">Espai<\/h2>\t\t\t\t<\/div>\n\t\t\t\t<\/div>\n\t\t\t\t<div class=\"elementor-element elementor-element-66d7ffe0 elementor-widget elementor-widget-text-editor\" data-id=\"66d7ffe0\" data-element_type=\"widget\" data-widget_type=\"text-editor.default\">\n\t\t\t\t<div class=\"elementor-widget-container\">\n\t\t\t\t\t\t\t\t\t<p><b>Un Entorn Que Inspira<\/b><span style=\"font-weight: 400;\">  El projecte est\u00e0 ambientat en un entorn que combina modernitat i funcionalitat, amb un enfocament al benestar i la integraci\u00f3 amb l&#8217;entorn natural. Anselm Clav\u00e9 reflecteix l&#8217;ess\u00e8ncia del seu entorn, des de les l\u00ednies arquitect\u00f2niques fins a la il\u00b7luminaci\u00f3, tot pensat per millorar l&#8217;experi\u00e8ncia espacial dels qui hi habiten. Aquest espai ha estat seleccionat amb cura per potenciar la visi\u00f3 del projecte i ressaltar-ne l&#8217;impacte a l&#8217;entorn urb\u00e0.  <\/span><\/p>\n\t\t\t\t\t\t\t\t<\/div>\n\t\t\t\t<\/div>\n\t\t<div class=\"elementor-element elementor-element-7f5a263a e-con-full e-flex e-con e-child\" data-id=\"7f5a263a\" data-element_type=\"container\">\n\t\t<div class=\"elementor-element elementor-element-7da53cfc e-con-full e-flex e-con e-child\" data-id=\"7da53cfc\" data-element_type=\"container\">\n\t\t<div class=\"elementor-element elementor-element-1f4f1b8 e-con-full e-flex elementor-invisible e-con e-child\" data-id=\"1f4f1b8\" data-element_type=\"container\" data-settings=\"{&quot;background_background&quot;:&quot;classic&quot;,&quot;animation&quot;:&quot;fadeIn&quot;}\">\n\t\t\t\t<\/div>\n\t\t\t\t<\/div>\n\t\t\t\t<\/div>\n\t\t\t\t<\/div>\n\t\t\t\t\t<\/div>\n\t\t\t\t<\/div>\n\t\t<div class=\"elementor-element elementor-element-3579b1b3 e-flex e-con-boxed e-con e-parent\" data-id=\"3579b1b3\" data-element_type=\"container\">\n\t\t\t\t\t<div class=\"e-con-inner\">\n\t\t<div class=\"elementor-element elementor-element-2d8a2fe9 e-con-full e-flex e-con e-child\" data-id=\"2d8a2fe9\" data-element_type=\"container\">\n\t\t\t\t<div class=\"elementor-element elementor-element-48a20c7f elementor-widget elementor-widget-heading\" data-id=\"48a20c7f\" data-element_type=\"widget\" data-widget_type=\"heading.default\">\n\t\t\t\t<div class=\"elementor-widget-container\">\n\t\t\t\t\t<h2 class=\"elementor-heading-title elementor-size-default\">Proc\u00e9s de Disseny<\/h2>\t\t\t\t<\/div>\n\t\t\t\t<\/div>\n\t\t\t\t<div class=\"elementor-element elementor-element-2d482792 elementor-widget elementor-widget-text-editor\" data-id=\"2d482792\" data-element_type=\"widget\" data-widget_type=\"text-editor.default\">\n\t\t\t\t<div class=\"elementor-widget-container\">\n\t\t\t\t\t\t\t\t\t<p><span style=\"font-weight: 400;\"><b>Un Flux de Treball Eficient i Creatiu<\/b> El proc\u00e9s de disseny darrere del projecte a Menorca ha estat curosament estructurat per garantir una execuci\u00f3 fluida i eficient. Comencem amb una investigaci\u00f3 profunda de l&#8217;entorn i les necessitats del client, seguit de la conceptualitzaci\u00f3 i el desenvolupament d&#8217;idees en col\u00b7laboraci\u00f3 amb experts en cada \u00e0rea. Cada fase ha estat realitzada amb atenci\u00f3 al detall, usant eines d&#8217;\u00faltima tecnologia per assegurar que cada renderitzat reflecteixi fidelment la visi\u00f3 inicial del projecte. capturat cada detall i textura perqu\u00e8 puguis submergir-te en lexperi\u00e8ncia daquest disseny innovador.   <\/span><\/p>\n\t\t\t\t\t\t\t\t<\/div>\n\t\t\t\t<\/div>\n\t\t<div class=\"elementor-element elementor-element-68f11d8c e-con-full e-flex e-con e-child\" data-id=\"68f11d8c\" data-element_type=\"container\">\n\t\t<div class=\"elementor-element elementor-element-533013ab e-con-full e-flex e-con e-child\" data-id=\"533013ab\" data-element_type=\"container\">\n\t\t<div class=\"elementor-element elementor-element-6d2d131b e-con-full e-flex elementor-invisible e-con e-child\" data-id=\"6d2d131b\" data-element_type=\"container\" data-settings=\"{&quot;background_background&quot;:&quot;classic&quot;,&quot;animation&quot;:&quot;fadeIn&quot;}\">\n\t\t\t\t<\/div>\n\t\t\t\t<\/div>\n\t\t<div class=\"elementor-element elementor-element-62e8622f e-con-full e-flex e-con e-child\" data-id=\"62e8622f\" data-element_type=\"container\">\n\t\t<div class=\"elementor-element elementor-element-7a163083 e-con-full e-flex elementor-invisible e-con e-child\" data-id=\"7a163083\" data-element_type=\"container\" data-settings=\"{&quot;background_background&quot;:&quot;classic&quot;,&quot;animation&quot;:&quot;fadeIn&quot;}\">\n\t\t\t\t<\/div>\n\t\t\t\t<\/div>\n\t\t<div class=\"elementor-element elementor-element-b7004ba e-con-full e-flex e-con e-child\" data-id=\"b7004ba\" data-element_type=\"container\">\n\t\t<div class=\"elementor-element elementor-element-682ad87f e-con-full e-flex elementor-invisible e-con e-child\" data-id=\"682ad87f\" data-element_type=\"container\" data-settings=\"{&quot;background_background&quot;:&quot;classic&quot;,&quot;animation&quot;:&quot;fadeIn&quot;}\">\n\t\t\t\t<\/div>\n\t\t\t\t<\/div>\n\t\t<div class=\"elementor-element elementor-element-1eb80a47 e-con-full e-flex e-con e-child\" data-id=\"1eb80a47\" data-element_type=\"container\">\n\t\t<div class=\"elementor-element elementor-element-48ea6ea9 e-con-full e-flex elementor-invisible e-con e-child\" data-id=\"48ea6ea9\" data-element_type=\"container\" data-settings=\"{&quot;background_background&quot;:&quot;classic&quot;,&quot;animation&quot;:&quot;fadeIn&quot;}\">\n\t\t\t\t<\/div>\n\t\t\t\t<\/div>\n\t\t\t\t<\/div>\n\t\t\t\t<\/div>\n\t\t\t\t\t<\/div>\n\t\t\t\t<\/div>\n\t\t\t\t<\/div>\n\t\t","protected":false},"excerpt":{"rendered":"<p>Feng Shui a Menorca Apartament amb feng shui Anselm Clav\u00e9: Un Projecte de Disseny \u00danic Benvingut a la presentaci\u00f3 del projecte Anselm Clav\u00e9, un espai on el disseny i la tecnologia s&#8217;uneixen per oferir una visi\u00f3 innovadora. Aquest projecte de renderitzat s&#8217;ha creat amb l&#8217;objectiu de destacar la bellesa i la funcionalitat d&#8217;un entorn dissenyat [&hellip;]<\/p>\n","protected":false},"author":1,"featured_media":416,"parent":0,"menu_order":0,"comment_status":"closed","ping_status":"closed","template":"","meta":{"footnotes":""},"class_list":["post-437","page","type-page","status-publish","has-post-thumbnail","hentry"],"_links":{"self":[{"href":"https:\/\/espai71.com\/ca\/wp-json\/wp\/v2\/pages\/437","targetHints":{"allow":["GET"]}}],"collection":[{"href":"https:\/\/espai71.com\/ca\/wp-json\/wp\/v2\/pages"}],"about":[{"href":"https:\/\/espai71.com\/ca\/wp-json\/wp\/v2\/types\/page"}],"author":[{"embeddable":true,"href":"https:\/\/espai71.com\/ca\/wp-json\/wp\/v2\/users\/1"}],"replies":[{"embeddable":true,"href":"https:\/\/espai71.com\/ca\/wp-json\/wp\/v2\/comments?post=437"}],"version-history":[{"count":0,"href":"https:\/\/espai71.com\/ca\/wp-json\/wp\/v2\/pages\/437\/revisions"}],"wp:featuredmedia":[{"embeddable":true,"href":"https:\/\/espai71.com\/ca\/wp-json\/wp\/v2\/media\/416"}],"wp:attachment":[{"href":"https:\/\/espai71.com\/ca\/wp-json\/wp\/v2\/media?parent=437"}],"curies":[{"name":"wp","href":"https:\/\/api.w.org\/{rel}","templated":true}]}}