{"id":451,"date":"2024-10-08T13:37:26","date_gmt":"2024-10-08T12:37:26","guid":{"rendered":"https:\/\/espai71.com\/avis-legal\/"},"modified":"2024-10-24T13:21:20","modified_gmt":"2024-10-24T12:21:20","slug":"avis-legal","status":"publish","type":"page","link":"https:\/\/espai71.com\/ca\/avis-legal\/","title":{"rendered":"Av\u00eds Legal"},"content":{"rendered":"\t\t<div data-elementor-type=\"wp-page\" data-elementor-id=\"451\" class=\"elementor elementor-451 elementor-254\" data-elementor-post-type=\"page\">\n\t\t\t\t<div class=\"elementor-element elementor-element-74ffde64 e-flex e-con-boxed e-con e-parent\" data-id=\"74ffde64\" data-element_type=\"container\" data-settings=\"{&quot;background_background&quot;:&quot;classic&quot;}\">\n\t\t\t\t\t<div class=\"e-con-inner\">\n\t\t<div class=\"elementor-element elementor-element-2307dd95 e-con-full e-flex e-con e-child\" data-id=\"2307dd95\" data-element_type=\"container\">\n\t\t\t\t<div class=\"elementor-element elementor-element-7de72889 elementor-widget elementor-widget-heading\" data-id=\"7de72889\" data-element_type=\"widget\" data-widget_type=\"heading.default\">\n\t\t\t\t<div class=\"elementor-widget-container\">\n\t\t\t\t\t<p class=\"elementor-heading-title elementor-size-default\">Av\u00eds Legal<\/p>\t\t\t\t<\/div>\n\t\t\t\t<\/div>\n\t\t\t\t<div class=\"elementor-element elementor-element-4a8ce870 elementor-widget elementor-widget-text-editor\" data-id=\"4a8ce870\" data-element_type=\"widget\" data-widget_type=\"text-editor.default\">\n\t\t\t\t<div class=\"elementor-widget-container\">\n\t\t\t\t\t\t\t\t\t<p><strong>1. Informaci\u00f3 General<\/strong><br \/>En compliment amb all\u00f2 establert a la Llei 34\/2002 de Serveis de la Societat de la Informaci\u00f3 i de Comer\u00e7 Electr\u00f2nic (LSSI-CE), s&#8217;informa que aquesta p\u00e0gina web \u00e9s propietat de <em>Mariona Olivella Rovirosa<\/em> (DNI 77312448H), amb domicili en <em>c \/ cal bolet 16, 08720 Vilafranca del Pened\u00e8s, Barcelona<\/em>. El nom comercial \u00e9s <em>Espai71<\/em>. <\/p>\n<p><strong>2. Condicions d&#8217;\u00fas<\/strong><br \/>L&#8217;acc\u00e9s al web d&#8217;<em>Espai71 <\/em>implica l&#8217;acceptaci\u00f3 de les condicions d&#8217;\u00fas presents. L&#8217;usuari es compromet a utilitzar aquesta web de forma l\u00edcita ia no realitzar activitats que puguin fer malb\u00e9 els drets d<em>&#8216;Espai71<\/em> o de tercers. <\/p>\n<p><strong>3. Propietat Intel\u00b7lectual<\/strong><br \/>Tots els continguts, texts, imatges i logotips d&#8217;aquesta web s\u00f3n propietat de <em>Mariona Olivella Rovirosa<\/em> i estan protegits pels drets de propietat intel\u00b7lectual. No se&#8217;n permet la reproducci\u00f3, distribuci\u00f3 o modificaci\u00f3 sense l&#8217;autoritzaci\u00f3 pr\u00e8via del titular. <\/p>\n<p><strong>4. Protecci\u00f3 de dades personals<\/strong><br \/>En compliment de la normativa vigent en mat\u00e8ria de protecci\u00f3 de dades, us informem que les dades personals proporcionades seran tractades d&#8217;acord amb la nostra <em>Pol\u00edtica de Privadesa<\/em>. Per a qualsevol consulta o exercici de drets, ens pots contactar a trav\u00e9s del correu electr\u00f2nic hola@espai71.com. <\/p>\n<p><strong>5. Limitaci\u00f3 de Responsabilitat<\/strong><br \/><em>Espai71 <\/em>no es responsabilitza dels possibles errors o omissions en els continguts d&#8217;aquesta web, ni dels danys que se&#8217;n puguin derivar. Tamb\u00e9 es reserva el dret a modificar qualsevol contingut sense av\u00eds previ. <\/p>\n<p><strong>6. Legislaci\u00f3 Aplicable i Jurisdicci\u00f3<\/strong><br \/>Aquestes condicions es regeixen per la legislaci\u00f3 espanyola. Qualsevol controv\u00e8rsia que pugui sorgir ser\u00e0 sotmesa als jutjats i als tribunals de Barcelona. <\/p>\n\t\t\t\t\t\t\t\t<\/div>\n\t\t\t\t<\/div>\n\t\t\t\t<\/div>\n\t\t\t\t\t<\/div>\n\t\t\t\t<\/div>\n\t\t\t\t<\/div>\n\t\t","protected":false},"excerpt":{"rendered":"<p>Av\u00eds Legal 1. Informaci\u00f3 GeneralEn compliment amb all\u00f2 establert a la Llei 34\/2002 de Serveis de la Societat de la Informaci\u00f3 i de Comer\u00e7 Electr\u00f2nic (LSSI-CE), s&#8217;informa que aquesta p\u00e0gina web \u00e9s propietat de Mariona Olivella Rovirosa (DNI 77312448H), amb domicili en c \/ cal bolet 16, 08720 Vilafranca del Pened\u00e8s, Barcelona. El nom comercial [&hellip;]<\/p>\n","protected":false},"author":1,"featured_media":0,"parent":0,"menu_order":0,"comment_status":"closed","ping_status":"closed","template":"","meta":{"footnotes":""},"class_list":["post-451","page","type-page","status-publish","hentry"],"_links":{"self":[{"href":"https:\/\/espai71.com\/ca\/wp-json\/wp\/v2\/pages\/451","targetHints":{"allow":["GET"]}}],"collection":[{"href":"https:\/\/espai71.com\/ca\/wp-json\/wp\/v2\/pages"}],"about":[{"href":"https:\/\/espai71.com\/ca\/wp-json\/wp\/v2\/types\/page"}],"author":[{"embeddable":true,"href":"https:\/\/espai71.com\/ca\/wp-json\/wp\/v2\/users\/1"}],"replies":[{"embeddable":true,"href":"https:\/\/espai71.com\/ca\/wp-json\/wp\/v2\/comments?post=451"}],"version-history":[{"count":0,"href":"https:\/\/espai71.com\/ca\/wp-json\/wp\/v2\/pages\/451\/revisions"}],"wp:attachment":[{"href":"https:\/\/espai71.com\/ca\/wp-json\/wp\/v2\/media?parent=451"}],"curies":[{"name":"wp","href":"https:\/\/api.w.org\/{rel}","templated":true}]}}