{"id":453,"date":"2024-10-07T21:35:48","date_gmt":"2024-10-07T20:35:48","guid":{"rendered":"https:\/\/espai71.com\/casa-anselm-clave\/"},"modified":"2024-10-24T13:24:23","modified_gmt":"2024-10-24T12:24:23","slug":"casa-anselm-clave","status":"publish","type":"page","link":"https:\/\/espai71.com\/ca\/casa-anselm-clave\/","title":{"rendered":"Casa Anselm Clave"},"content":{"rendered":"\t\t<div data-elementor-type=\"wp-page\" data-elementor-id=\"453\" class=\"elementor elementor-453 elementor-160\" data-elementor-post-type=\"page\">\n\t\t\t\t<div class=\"elementor-element elementor-element-215564e1 e-flex e-con-boxed e-con e-parent\" data-id=\"215564e1\" data-element_type=\"container\" data-settings=\"{&quot;background_background&quot;:&quot;classic&quot;}\">\n\t\t\t\t\t<div class=\"e-con-inner\">\n\t\t<div class=\"elementor-element elementor-element-2152b77a e-con-full e-flex e-con e-child\" data-id=\"2152b77a\" data-element_type=\"container\">\n\t\t\t\t<div class=\"elementor-element elementor-element-1a568bf9 elementor-widget elementor-widget-heading\" data-id=\"1a568bf9\" data-element_type=\"widget\" data-widget_type=\"heading.default\">\n\t\t\t\t<div class=\"elementor-widget-container\">\n\t\t\t\t\t<h1 class=\"elementor-heading-title elementor-size-default\">Projecte Render AC<\/h1>\t\t\t\t<\/div>\n\t\t\t\t<\/div>\n\t\t\t\t<div class=\"elementor-element elementor-element-66da37de elementor-widget elementor-widget-heading\" data-id=\"66da37de\" data-element_type=\"widget\" data-widget_type=\"heading.default\">\n\t\t\t\t<div class=\"elementor-widget-container\">\n\t\t\t\t\t<h2 class=\"elementor-heading-title elementor-size-default\">ANSELM CLAV\u00c9<\/h2>\t\t\t\t<\/div>\n\t\t\t\t<\/div>\n\t\t\t\t<div class=\"elementor-element elementor-element-74dbe5b7 elementor-widget elementor-widget-text-editor\" data-id=\"74dbe5b7\" data-element_type=\"widget\" data-widget_type=\"text-editor.default\">\n\t\t\t\t<div class=\"elementor-widget-container\">\n\t\t\t\t\t\t\t\t\t<p><b>Anselm Clav\u00e9: Un Projecte de Disseny \u00danic<\/b><span style=\"font-weight: 400;\"> Benvingut a la presentaci\u00f3 del projecte Anselm Clav\u00e9, un espai on el disseny i la tecnologia s&#8217;uneixen per oferir una visi\u00f3 innovadora. Aquest projecte de renderitzat s&#8217;ha creat amb l&#8217;objectiu de destacar la bellesa i la funcionalitat d&#8217;un entorn dissenyat amb cura, reflectint el comprom\u00eds amb l&#8217;est\u00e8tica i el detall en cada aspecte. <\/span><\/p>\n\t\t\t\t\t\t\t\t<\/div>\n\t\t\t\t<\/div>\n\t\t<div class=\"elementor-element elementor-element-470e5e5 e-con-full e-flex e-con e-child\" data-id=\"470e5e5\" data-element_type=\"container\" data-settings=\"{&quot;background_background&quot;:&quot;classic&quot;}\">\n\t\t\t\t<\/div>\n\t\t\t\t<\/div>\n\t\t\t\t\t<\/div>\n\t\t\t\t<\/div>\n\t\t<div class=\"elementor-element elementor-element-394d2039 e-flex e-con-boxed e-con e-parent\" data-id=\"394d2039\" data-element_type=\"container\">\n\t\t\t\t\t<div class=\"e-con-inner\">\n\t\t<div class=\"elementor-element elementor-element-3d622fd3 e-con-full e-flex e-con e-child\" data-id=\"3d622fd3\" data-element_type=\"container\">\n\t\t\t\t<div class=\"elementor-element elementor-element-24f8d4f9 elementor-widget elementor-widget-heading\" data-id=\"24f8d4f9\" data-element_type=\"widget\" data-widget_type=\"heading.default\">\n\t\t\t\t<div class=\"elementor-widget-container\">\n\t\t\t\t\t<h2 class=\"elementor-heading-title elementor-size-default\">Objectiu<\/h2>\t\t\t\t<\/div>\n\t\t\t\t<\/div>\n\t\t\t\t<div class=\"elementor-element elementor-element-31b81a15 elementor-widget elementor-widget-text-editor\" data-id=\"31b81a15\" data-element_type=\"widget\" data-widget_type=\"text-editor.default\">\n\t\t\t\t<div class=\"elementor-widget-container\">\n\t\t\t\t\t\t\t\t\t<p><b>El nostre Prop\u00f2sit: Visualitzar el Futur<\/b><span style=\"font-weight: 400;\"> El principal objectiu del projecte Anselm Clav\u00e9 \u00e9s oferir una representaci\u00f3 fidel i detallada de l\u201fespai arquitect\u00f2nic, ajudant a visualitzar com les idees cobren vida en forma d\u201fimatges impactants. A trav\u00e9s de l&#8217;\u00fas de t\u00e8cniques avan\u00e7ades de renderitzaci\u00f3, hem capturat cada detall i textura perqu\u00e8 et puguis submergir en l&#8217;experi\u00e8ncia d&#8217;aquest disseny innovador. <\/span><\/p>\n\t\t\t\t\t\t\t\t<\/div>\n\t\t\t\t<\/div>\n\t\t<div class=\"elementor-element elementor-element-7bd3ed1e e-con-full e-flex e-con e-child\" data-id=\"7bd3ed1e\" data-element_type=\"container\">\n\t\t<div class=\"elementor-element elementor-element-3791df88 e-con-full e-flex e-con e-child\" data-id=\"3791df88\" data-element_type=\"container\">\n\t\t<div class=\"elementor-element elementor-element-1caa6a1f e-con-full e-flex elementor-invisible e-con e-child\" data-id=\"1caa6a1f\" data-element_type=\"container\" data-settings=\"{&quot;background_background&quot;:&quot;classic&quot;,&quot;animation&quot;:&quot;fadeIn&quot;}\">\n\t\t\t\t<\/div>\n\t\t\t\t<\/div>\n\t\t<div class=\"elementor-element elementor-element-2bddd95 e-con-full e-flex e-con e-child\" data-id=\"2bddd95\" data-element_type=\"container\">\n\t\t<div class=\"elementor-element elementor-element-fba621a e-con-full e-flex elementor-invisible e-con e-child\" data-id=\"fba621a\" data-element_type=\"container\" data-settings=\"{&quot;background_background&quot;:&quot;classic&quot;,&quot;animation&quot;:&quot;fadeIn&quot;}\">\n\t\t\t\t<\/div>\n\t\t\t\t<\/div>\n\t\t<div class=\"elementor-element elementor-element-4be074b e-con-full e-flex e-con e-child\" data-id=\"4be074b\" data-element_type=\"container\">\n\t\t<div class=\"elementor-element elementor-element-091346f e-con-full e-flex elementor-invisible e-con e-child\" data-id=\"091346f\" data-element_type=\"container\" data-settings=\"{&quot;background_background&quot;:&quot;classic&quot;,&quot;animation&quot;:&quot;fadeIn&quot;}\">\n\t\t\t\t<\/div>\n\t\t\t\t<\/div>\n\t\t<div class=\"elementor-element elementor-element-95ad7ff e-con-full e-flex e-con e-child\" data-id=\"95ad7ff\" data-element_type=\"container\">\n\t\t<div class=\"elementor-element elementor-element-2dc199b e-con-full e-flex elementor-invisible e-con e-child\" data-id=\"2dc199b\" data-element_type=\"container\" data-settings=\"{&quot;background_background&quot;:&quot;classic&quot;,&quot;animation&quot;:&quot;fadeIn&quot;}\">\n\t\t\t\t<\/div>\n\t\t\t\t<\/div>\n\t\t\t\t<\/div>\n\t\t\t\t<\/div>\n\t\t\t\t\t<\/div>\n\t\t\t\t<\/div>\n\t\t<div class=\"elementor-element elementor-element-556dfff e-flex e-con-boxed e-con e-parent\" data-id=\"556dfff\" data-element_type=\"container\">\n\t\t\t\t\t<div class=\"e-con-inner\">\n\t\t<div class=\"elementor-element elementor-element-8fe29a6 e-con-full e-flex e-con e-child\" data-id=\"8fe29a6\" data-element_type=\"container\">\n\t\t\t\t<div class=\"elementor-element elementor-element-ab52d4e elementor-widget elementor-widget-heading\" data-id=\"ab52d4e\" data-element_type=\"widget\" data-widget_type=\"heading.default\">\n\t\t\t\t<div class=\"elementor-widget-container\">\n\t\t\t\t\t<h2 class=\"elementor-heading-title elementor-size-default\">Espai<\/h2>\t\t\t\t<\/div>\n\t\t\t\t<\/div>\n\t\t\t\t<div class=\"elementor-element elementor-element-0b34ce5 elementor-widget elementor-widget-text-editor\" data-id=\"0b34ce5\" data-element_type=\"widget\" data-widget_type=\"text-editor.default\">\n\t\t\t\t<div class=\"elementor-widget-container\">\n\t\t\t\t\t\t\t\t\t<p><b>Un Entorn Que Inspira<\/b><span style=\"font-weight: 400;\">  El projecte est\u00e0 ambientat en un entorn que combina modernitat i funcionalitat, amb un enfocament al benestar i la integraci\u00f3 amb l&#8217;entorn natural. Anselm Clav\u00e9 reflecteix l&#8217;ess\u00e8ncia del seu entorn, des de les l\u00ednies arquitect\u00f2niques fins a la il\u00b7luminaci\u00f3, tot pensat per millorar l&#8217;experi\u00e8ncia espacial dels qui hi habiten. Aquest espai ha estat seleccionat amb cura per potenciar la visi\u00f3 del projecte i ressaltar-ne l&#8217;impacte a l&#8217;entorn urb\u00e0.  <\/span><\/p>\n\t\t\t\t\t\t\t\t<\/div>\n\t\t\t\t<\/div>\n\t\t<div class=\"elementor-element elementor-element-f48afea e-con-full e-flex e-con e-child\" data-id=\"f48afea\" data-element_type=\"container\">\n\t\t<div class=\"elementor-element elementor-element-f54dbd6 e-con-full e-flex e-con e-child\" data-id=\"f54dbd6\" data-element_type=\"container\">\n\t\t<div class=\"elementor-element elementor-element-0d44fdc e-con-full e-flex elementor-invisible e-con e-child\" data-id=\"0d44fdc\" data-element_type=\"container\" data-settings=\"{&quot;background_background&quot;:&quot;classic&quot;,&quot;animation&quot;:&quot;fadeIn&quot;}\">\n\t\t\t\t<\/div>\n\t\t\t\t<\/div>\n\t\t\t\t<\/div>\n\t\t\t\t<\/div>\n\t\t\t\t\t<\/div>\n\t\t\t\t<\/div>\n\t\t<div class=\"elementor-element elementor-element-e5f9526 e-flex e-con-boxed e-con e-parent\" data-id=\"e5f9526\" data-element_type=\"container\">\n\t\t\t\t\t<div class=\"e-con-inner\">\n\t\t<div class=\"elementor-element elementor-element-9d8bd19 e-con-full e-flex e-con e-child\" data-id=\"9d8bd19\" data-element_type=\"container\">\n\t\t\t\t<div class=\"elementor-element elementor-element-4505227 elementor-widget elementor-widget-heading\" data-id=\"4505227\" data-element_type=\"widget\" data-widget_type=\"heading.default\">\n\t\t\t\t<div class=\"elementor-widget-container\">\n\t\t\t\t\t<h2 class=\"elementor-heading-title elementor-size-default\">Proc\u00e9s de Disseny<\/h2>\t\t\t\t<\/div>\n\t\t\t\t<\/div>\n\t\t\t\t<div class=\"elementor-element elementor-element-d328c01 elementor-widget elementor-widget-text-editor\" data-id=\"d328c01\" data-element_type=\"widget\" data-widget_type=\"text-editor.default\">\n\t\t\t\t<div class=\"elementor-widget-container\">\n\t\t\t\t\t\t\t\t\t<p><span style=\"font-weight: 400;\"><b>Un Flux de Treball Eficient i Creatiu<\/b> El proc\u00e9s de disseny darrere del projecte Anselm Clav\u00e9 ha estat curosament estructurat per garantir una execuci\u00f3 fluida i eficient. Comencem amb una investigaci\u00f3 profunda de l&#8217;entorn i les necessitats del client, seguit de la conceptualitzaci\u00f3 i el desenvolupament d&#8217;idees en col\u00b7laboraci\u00f3 amb experts en cada \u00e0rea. Cada fase ha estat realitzada amb atenci\u00f3 al detall, usant eines d&#8217;\u00faltima tecnologia per assegurar que cada renderitzat reflecteixi fidelment la visi\u00f3 inicial del projecte. capturat cada detall i textura perqu\u00e8 puguis submergir-te en lexperi\u00e8ncia daquest disseny innovador.   <\/span><\/p>\n\t\t\t\t\t\t\t\t<\/div>\n\t\t\t\t<\/div>\n\t\t<div class=\"elementor-element elementor-element-db96609 e-con-full e-flex e-con e-child\" data-id=\"db96609\" data-element_type=\"container\">\n\t\t<div class=\"elementor-element elementor-element-f91587e e-con-full e-flex e-con e-child\" data-id=\"f91587e\" data-element_type=\"container\">\n\t\t<div class=\"elementor-element elementor-element-c587adc e-con-full e-flex elementor-invisible e-con e-child\" data-id=\"c587adc\" data-element_type=\"container\" data-settings=\"{&quot;background_background&quot;:&quot;classic&quot;,&quot;animation&quot;:&quot;fadeIn&quot;}\">\n\t\t\t\t<\/div>\n\t\t\t\t<\/div>\n\t\t<div class=\"elementor-element elementor-element-09e0ec6 e-con-full e-flex e-con e-child\" data-id=\"09e0ec6\" data-element_type=\"container\">\n\t\t<div class=\"elementor-element elementor-element-9bbf1ca e-con-full e-flex elementor-invisible e-con e-child\" data-id=\"9bbf1ca\" data-element_type=\"container\" data-settings=\"{&quot;background_background&quot;:&quot;classic&quot;,&quot;animation&quot;:&quot;fadeIn&quot;}\">\n\t\t\t\t<\/div>\n\t\t\t\t<\/div>\n\t\t<div class=\"elementor-element elementor-element-b0f00a4 e-con-full e-flex e-con e-child\" data-id=\"b0f00a4\" data-element_type=\"container\">\n\t\t<div class=\"elementor-element elementor-element-4c2052c e-con-full e-flex elementor-invisible e-con e-child\" data-id=\"4c2052c\" data-element_type=\"container\" data-settings=\"{&quot;background_background&quot;:&quot;classic&quot;,&quot;animation&quot;:&quot;fadeIn&quot;}\">\n\t\t\t\t<\/div>\n\t\t\t\t<\/div>\n\t\t<div class=\"elementor-element elementor-element-a87f72a e-con-full e-flex e-con e-child\" data-id=\"a87f72a\" data-element_type=\"container\">\n\t\t<div class=\"elementor-element elementor-element-4229214 e-con-full e-flex elementor-invisible e-con e-child\" data-id=\"4229214\" data-element_type=\"container\" data-settings=\"{&quot;background_background&quot;:&quot;classic&quot;,&quot;animation&quot;:&quot;fadeIn&quot;}\">\n\t\t\t\t<\/div>\n\t\t\t\t<\/div>\n\t\t\t\t<\/div>\n\t\t\t\t<\/div>\n\t\t\t\t\t<\/div>\n\t\t\t\t<\/div>\n\t\t\t\t<\/div>\n\t\t","protected":false},"excerpt":{"rendered":"<p>Projecte Render AC ANSELM CLAV\u00c9 Anselm Clav\u00e9: Un Projecte de Disseny \u00danic Benvingut a la presentaci\u00f3 del projecte Anselm Clav\u00e9, un espai on el disseny i la tecnologia s&#8217;uneixen per oferir una visi\u00f3 innovadora. Aquest projecte de renderitzat s&#8217;ha creat amb l&#8217;objectiu de destacar la bellesa i la funcionalitat d&#8217;un entorn dissenyat amb cura, reflectint [&hellip;]<\/p>\n","protected":false},"author":1,"featured_media":391,"parent":0,"menu_order":0,"comment_status":"closed","ping_status":"closed","template":"","meta":{"footnotes":""},"class_list":["post-453","page","type-page","status-publish","has-post-thumbnail","hentry"],"_links":{"self":[{"href":"https:\/\/espai71.com\/ca\/wp-json\/wp\/v2\/pages\/453","targetHints":{"allow":["GET"]}}],"collection":[{"href":"https:\/\/espai71.com\/ca\/wp-json\/wp\/v2\/pages"}],"about":[{"href":"https:\/\/espai71.com\/ca\/wp-json\/wp\/v2\/types\/page"}],"author":[{"embeddable":true,"href":"https:\/\/espai71.com\/ca\/wp-json\/wp\/v2\/users\/1"}],"replies":[{"embeddable":true,"href":"https:\/\/espai71.com\/ca\/wp-json\/wp\/v2\/comments?post=453"}],"version-history":[{"count":0,"href":"https:\/\/espai71.com\/ca\/wp-json\/wp\/v2\/pages\/453\/revisions"}],"wp:featuredmedia":[{"embeddable":true,"href":"https:\/\/espai71.com\/ca\/wp-json\/wp\/v2\/media\/391"}],"wp:attachment":[{"href":"https:\/\/espai71.com\/ca\/wp-json\/wp\/v2\/media?parent=453"}],"curies":[{"name":"wp","href":"https:\/\/api.w.org\/{rel}","templated":true}]}}