{"id":455,"date":"2024-10-08T21:41:55","date_gmt":"2024-10-08T20:41:55","guid":{"rendered":"https:\/\/espai71.com\/cases-aparellades-les-cabanyes\/"},"modified":"2024-10-24T13:26:12","modified_gmt":"2024-10-24T12:26:12","slug":"cases-aparellades-les-cabanyes","status":"publish","type":"page","link":"https:\/\/espai71.com\/ca\/cases-aparellades-les-cabanyes\/","title":{"rendered":"Cases Aparellades Les Cabanyes"},"content":{"rendered":"\t\t<div data-elementor-type=\"wp-page\" data-elementor-id=\"455\" class=\"elementor elementor-455 elementor-290\" data-elementor-post-type=\"page\">\n\t\t\t\t<div class=\"elementor-element elementor-element-1852eff2 e-flex e-con-boxed e-con e-parent\" data-id=\"1852eff2\" data-element_type=\"container\" data-settings=\"{&quot;background_background&quot;:&quot;classic&quot;}\">\n\t\t\t\t\t<div class=\"e-con-inner\">\n\t\t<div class=\"elementor-element elementor-element-44594e8a e-con-full e-flex e-con e-child\" data-id=\"44594e8a\" data-element_type=\"container\">\n\t\t\t\t<div class=\"elementor-element elementor-element-24e8ba09 elementor-widget elementor-widget-heading\" data-id=\"24e8ba09\" data-element_type=\"widget\" data-widget_type=\"heading.default\">\n\t\t\t\t<div class=\"elementor-widget-container\">\n\t\t\t\t\t<h1 class=\"elementor-heading-title elementor-size-default\">Projecte Render AC<\/h1>\t\t\t\t<\/div>\n\t\t\t\t<\/div>\n\t\t\t\t<div class=\"elementor-element elementor-element-111c7601 elementor-widget elementor-widget-heading\" data-id=\"111c7601\" data-element_type=\"widget\" data-widget_type=\"heading.default\">\n\t\t\t\t<div class=\"elementor-widget-container\">\n\t\t\t\t\t<h2 class=\"elementor-heading-title elementor-size-default\">Cases Adossades Les Cabanyes<\/h2>\t\t\t\t<\/div>\n\t\t\t\t<\/div>\n\t\t\t\t<div class=\"elementor-element elementor-element-3b535d9d elementor-widget elementor-widget-text-editor\" data-id=\"3b535d9d\" data-element_type=\"widget\" data-widget_type=\"text-editor.default\">\n\t\t\t\t<div class=\"elementor-widget-container\">\n\t\t\t\t\t\t\t\t\t<p><b>Les Cabanyes: Un Projecte de Disseny \u00danic<\/b><span style=\"font-weight: 400;\"> Benvingut a la presentaci\u00f3 del projecte Les Cabanyes, un espai on el disseny i la tecnologia s&#8217;uneixen per oferir una visi\u00f3 innovadora. Aquest projecte de renderitzat s&#8217;ha creat amb l&#8217;objectiu de destacar la bellesa i la funcionalitat d&#8217;un entorn dissenyat amb cura, reflectint el comprom\u00eds amb l&#8217;est\u00e8tica i el detall en cada aspecte. <\/span><\/p>\n\t\t\t\t\t\t\t\t<\/div>\n\t\t\t\t<\/div>\n\t\t<div class=\"elementor-element elementor-element-5680a140 e-con-full e-flex e-con e-child\" data-id=\"5680a140\" data-element_type=\"container\" data-settings=\"{&quot;background_background&quot;:&quot;classic&quot;}\">\n\t\t\t\t<\/div>\n\t\t\t\t<\/div>\n\t\t\t\t\t<\/div>\n\t\t\t\t<\/div>\n\t\t<div class=\"elementor-element elementor-element-5c40361f e-flex e-con-boxed e-con e-parent\" data-id=\"5c40361f\" data-element_type=\"container\">\n\t\t\t\t\t<div class=\"e-con-inner\">\n\t\t<div class=\"elementor-element elementor-element-24b3fa7f e-con-full e-flex e-con e-child\" data-id=\"24b3fa7f\" data-element_type=\"container\">\n\t\t\t\t<div class=\"elementor-element elementor-element-55d13b05 elementor-widget elementor-widget-heading\" data-id=\"55d13b05\" data-element_type=\"widget\" data-widget_type=\"heading.default\">\n\t\t\t\t<div class=\"elementor-widget-container\">\n\t\t\t\t\t<h2 class=\"elementor-heading-title elementor-size-default\">Objectiu<\/h2>\t\t\t\t<\/div>\n\t\t\t\t<\/div>\n\t\t\t\t<div class=\"elementor-element elementor-element-320df202 elementor-widget elementor-widget-text-editor\" data-id=\"320df202\" data-element_type=\"widget\" data-widget_type=\"text-editor.default\">\n\t\t\t\t<div class=\"elementor-widget-container\">\n\t\t\t\t\t\t\t\t\t<p><b>El nostre Prop\u00f2sit: Visualitzar el Futur<\/b><span style=\"font-weight: 400;\"> El principal objectiu del projecte Les Cabanyes \u00e9s oferir una representaci\u00f3 fidel i detallada de l\u201fespai arquitect\u00f2nic, ajudant a visualitzar com les idees cobren vida en forma d\u201fimatges impactants. A trav\u00e9s de l&#8217;\u00fas de t\u00e8cniques avan\u00e7ades de renderitzaci\u00f3, hem capturat cada detall i textura perqu\u00e8 et puguis submergir en l&#8217;experi\u00e8ncia d&#8217;aquest disseny innovador. <\/span><\/p>\n\t\t\t\t\t\t\t\t<\/div>\n\t\t\t\t<\/div>\n\t\t<div class=\"elementor-element elementor-element-4d83000f e-con-full e-flex e-con e-child\" data-id=\"4d83000f\" data-element_type=\"container\">\n\t\t<div class=\"elementor-element elementor-element-e086fc1 e-con-full e-flex e-con e-child\" data-id=\"e086fc1\" data-element_type=\"container\">\n\t\t<div class=\"elementor-element elementor-element-1a05641e e-con-full e-flex elementor-invisible e-con e-child\" data-id=\"1a05641e\" data-element_type=\"container\" data-settings=\"{&quot;background_background&quot;:&quot;classic&quot;,&quot;animation&quot;:&quot;fadeIn&quot;}\">\n\t\t\t\t<\/div>\n\t\t\t\t<\/div>\n\t\t<div class=\"elementor-element elementor-element-489ab0e9 e-con-full e-flex e-con e-child\" data-id=\"489ab0e9\" data-element_type=\"container\">\n\t\t<div class=\"elementor-element elementor-element-72c0b9a e-con-full e-flex elementor-invisible e-con e-child\" data-id=\"72c0b9a\" data-element_type=\"container\" data-settings=\"{&quot;background_background&quot;:&quot;classic&quot;,&quot;animation&quot;:&quot;fadeIn&quot;}\">\n\t\t\t\t<\/div>\n\t\t\t\t<\/div>\n\t\t<div class=\"elementor-element elementor-element-2f86af40 e-con-full e-flex e-con e-child\" data-id=\"2f86af40\" data-element_type=\"container\">\n\t\t<div class=\"elementor-element elementor-element-8958969 e-con-full e-flex elementor-invisible e-con e-child\" data-id=\"8958969\" data-element_type=\"container\" data-settings=\"{&quot;background_background&quot;:&quot;classic&quot;,&quot;animation&quot;:&quot;fadeIn&quot;}\">\n\t\t\t\t<\/div>\n\t\t\t\t<\/div>\n\t\t<div class=\"elementor-element elementor-element-3a6c1787 e-con-full e-flex e-con e-child\" data-id=\"3a6c1787\" data-element_type=\"container\">\n\t\t<div class=\"elementor-element elementor-element-75baff42 e-con-full e-flex elementor-invisible e-con e-child\" data-id=\"75baff42\" data-element_type=\"container\" data-settings=\"{&quot;background_background&quot;:&quot;classic&quot;,&quot;animation&quot;:&quot;fadeIn&quot;}\">\n\t\t\t\t<\/div>\n\t\t\t\t<\/div>\n\t\t\t\t<\/div>\n\t\t\t\t<\/div>\n\t\t\t\t\t<\/div>\n\t\t\t\t<\/div>\n\t\t<div class=\"elementor-element elementor-element-be71b57 e-flex e-con-boxed e-con e-parent\" data-id=\"be71b57\" data-element_type=\"container\">\n\t\t\t\t\t<div class=\"e-con-inner\">\n\t\t<div class=\"elementor-element elementor-element-c6aa249 e-con-full e-flex e-con e-child\" data-id=\"c6aa249\" data-element_type=\"container\">\n\t\t\t\t<div class=\"elementor-element elementor-element-350b7af4 elementor-widget elementor-widget-heading\" data-id=\"350b7af4\" data-element_type=\"widget\" data-widget_type=\"heading.default\">\n\t\t\t\t<div class=\"elementor-widget-container\">\n\t\t\t\t\t<h2 class=\"elementor-heading-title elementor-size-default\">Espai<\/h2>\t\t\t\t<\/div>\n\t\t\t\t<\/div>\n\t\t\t\t<div class=\"elementor-element elementor-element-49e55a96 elementor-widget elementor-widget-text-editor\" data-id=\"49e55a96\" data-element_type=\"widget\" data-widget_type=\"text-editor.default\">\n\t\t\t\t<div class=\"elementor-widget-container\">\n\t\t\t\t\t\t\t\t\t<p><b>Un Entorn Que Inspira<\/b><span style=\"font-weight: 400;\"> El projecte est\u00e0 ambientat en un entorn que combina modernitat i funcionalitat, amb un enfocament al benestar i la integraci\u00f3 amb l&#8217;entorn natural. Les Cabanyes reflecteix l&#8217;ess\u00e8ncia del seu entorn, des de les l\u00ednies arquitect\u00f2niques fins a la il\u00b7luminaci\u00f3, tot pensat per millorar l&#8217;experi\u00e8ncia espacial dels qui hi habiten. Aquest espai ha estat seleccionat acuradament per potenciar la visi\u00f3 del projecte i ressaltar-ne l&#8217;impacte a l&#8217;entorn urb\u00e0.  <\/span><\/p>\n\t\t\t\t\t\t\t\t<\/div>\n\t\t\t\t<\/div>\n\t\t<div class=\"elementor-element elementor-element-8b2e1b8 e-con-full e-flex e-con e-child\" data-id=\"8b2e1b8\" data-element_type=\"container\">\n\t\t<div class=\"elementor-element elementor-element-51d4f4d4 e-con-full e-flex e-con e-child\" data-id=\"51d4f4d4\" data-element_type=\"container\">\n\t\t<div class=\"elementor-element elementor-element-55a01427 e-con-full e-flex elementor-invisible e-con e-child\" data-id=\"55a01427\" data-element_type=\"container\" data-settings=\"{&quot;background_background&quot;:&quot;classic&quot;,&quot;animation&quot;:&quot;fadeIn&quot;}\">\n\t\t\t\t<\/div>\n\t\t\t\t<\/div>\n\t\t\t\t<\/div>\n\t\t\t\t<\/div>\n\t\t\t\t\t<\/div>\n\t\t\t\t<\/div>\n\t\t<div class=\"elementor-element elementor-element-268b2e1b e-flex e-con-boxed e-con e-parent\" data-id=\"268b2e1b\" data-element_type=\"container\">\n\t\t\t\t\t<div class=\"e-con-inner\">\n\t\t<div class=\"elementor-element elementor-element-250c8ad6 e-con-full e-flex e-con e-child\" data-id=\"250c8ad6\" data-element_type=\"container\">\n\t\t\t\t<div class=\"elementor-element elementor-element-178a97db elementor-widget elementor-widget-heading\" data-id=\"178a97db\" data-element_type=\"widget\" data-widget_type=\"heading.default\">\n\t\t\t\t<div class=\"elementor-widget-container\">\n\t\t\t\t\t<h2 class=\"elementor-heading-title elementor-size-default\">Proc\u00e9s de Disseny<\/h2>\t\t\t\t<\/div>\n\t\t\t\t<\/div>\n\t\t\t\t<div class=\"elementor-element elementor-element-35c60741 elementor-widget elementor-widget-text-editor\" data-id=\"35c60741\" data-element_type=\"widget\" data-widget_type=\"text-editor.default\">\n\t\t\t\t<div class=\"elementor-widget-container\">\n\t\t\t\t\t\t\t\t\t<p><span style=\"font-weight: 400;\"><b>Un Flux de Treball Eficient i Creatiu <\/b>El proc\u00e9s de disseny darrere del projecte ha estat curosament estructurat per garantir una execuci\u00f3 fluida i eficient. Comencem amb una investigaci\u00f3 profunda de l&#8217;entorn i les necessitats del client, seguit de la conceptualitzaci\u00f3 i el desenvolupament d&#8217;idees en col\u00b7laboraci\u00f3 amb experts en cada \u00e0rea. Cada fase ha estat realitzada amb atenci\u00f3 al detall, usant eines d&#8217;\u00faltima tecnologia per assegurar que cada renderitzat reflecteixi fidelment la visi\u00f3 inicial del projecte. capturat cada detall i textura perqu\u00e8 puguis submergir-te en lexperi\u00e8ncia daquest disseny innovador.   <\/span><\/p>\n\t\t\t\t\t\t\t\t<\/div>\n\t\t\t\t<\/div>\n\t\t<div class=\"elementor-element elementor-element-732b5c47 e-con-full e-flex e-con e-child\" data-id=\"732b5c47\" data-element_type=\"container\">\n\t\t<div class=\"elementor-element elementor-element-27b7b29b e-con-full e-flex e-con e-child\" data-id=\"27b7b29b\" data-element_type=\"container\">\n\t\t<div class=\"elementor-element elementor-element-7c71d029 e-con-full e-flex elementor-invisible e-con e-child\" data-id=\"7c71d029\" data-element_type=\"container\" data-settings=\"{&quot;background_background&quot;:&quot;classic&quot;,&quot;animation&quot;:&quot;fadeIn&quot;}\">\n\t\t\t\t<\/div>\n\t\t\t\t<\/div>\n\t\t<div class=\"elementor-element elementor-element-18def6c8 e-con-full e-flex e-con e-child\" data-id=\"18def6c8\" data-element_type=\"container\">\n\t\t<div class=\"elementor-element elementor-element-2071f9e4 e-con-full e-flex elementor-invisible e-con e-child\" data-id=\"2071f9e4\" data-element_type=\"container\" data-settings=\"{&quot;background_background&quot;:&quot;classic&quot;,&quot;animation&quot;:&quot;fadeIn&quot;}\">\n\t\t\t\t<\/div>\n\t\t\t\t<\/div>\n\t\t<div class=\"elementor-element elementor-element-5f226f90 e-con-full e-flex e-con e-child\" data-id=\"5f226f90\" data-element_type=\"container\">\n\t\t<div class=\"elementor-element elementor-element-4400c5e8 e-con-full e-flex elementor-invisible e-con e-child\" data-id=\"4400c5e8\" data-element_type=\"container\" data-settings=\"{&quot;background_background&quot;:&quot;classic&quot;,&quot;animation&quot;:&quot;fadeIn&quot;}\">\n\t\t\t\t<\/div>\n\t\t\t\t<\/div>\n\t\t<div class=\"elementor-element elementor-element-460ac485 e-con-full e-flex e-con e-child\" data-id=\"460ac485\" data-element_type=\"container\">\n\t\t<div class=\"elementor-element elementor-element-ac41197 e-con-full e-flex elementor-invisible e-con e-child\" data-id=\"ac41197\" data-element_type=\"container\" data-settings=\"{&quot;background_background&quot;:&quot;classic&quot;,&quot;animation&quot;:&quot;fadeIn&quot;}\">\n\t\t\t\t<\/div>\n\t\t\t\t<\/div>\n\t\t\t\t<\/div>\n\t\t\t\t<\/div>\n\t\t\t\t\t<\/div>\n\t\t\t\t<\/div>\n\t\t\t\t<\/div>\n\t\t","protected":false},"excerpt":{"rendered":"<p>Projecte Render AC Cases Adossades Les Cabanyes Les Cabanyes: Un Projecte de Disseny \u00danic Benvingut a la presentaci\u00f3 del projecte Les Cabanyes, un espai on el disseny i la tecnologia s&#8217;uneixen per oferir una visi\u00f3 innovadora. Aquest projecte de renderitzat s&#8217;ha creat amb l&#8217;objectiu de destacar la bellesa i la funcionalitat d&#8217;un entorn dissenyat amb [&hellip;]<\/p>\n","protected":false},"author":1,"featured_media":406,"parent":0,"menu_order":0,"comment_status":"closed","ping_status":"closed","template":"","meta":{"footnotes":""},"class_list":["post-455","page","type-page","status-publish","has-post-thumbnail","hentry"],"_links":{"self":[{"href":"https:\/\/espai71.com\/ca\/wp-json\/wp\/v2\/pages\/455","targetHints":{"allow":["GET"]}}],"collection":[{"href":"https:\/\/espai71.com\/ca\/wp-json\/wp\/v2\/pages"}],"about":[{"href":"https:\/\/espai71.com\/ca\/wp-json\/wp\/v2\/types\/page"}],"author":[{"embeddable":true,"href":"https:\/\/espai71.com\/ca\/wp-json\/wp\/v2\/users\/1"}],"replies":[{"embeddable":true,"href":"https:\/\/espai71.com\/ca\/wp-json\/wp\/v2\/comments?post=455"}],"version-history":[{"count":0,"href":"https:\/\/espai71.com\/ca\/wp-json\/wp\/v2\/pages\/455\/revisions"}],"wp:featuredmedia":[{"embeddable":true,"href":"https:\/\/espai71.com\/ca\/wp-json\/wp\/v2\/media\/406"}],"wp:attachment":[{"href":"https:\/\/espai71.com\/ca\/wp-json\/wp\/v2\/media?parent=455"}],"curies":[{"name":"wp","href":"https:\/\/api.w.org\/{rel}","templated":true}]}}