{"id":458,"date":"2024-10-08T13:37:06","date_gmt":"2024-10-08T12:37:06","guid":{"rendered":"https:\/\/espai71.com\/politica-de-privadesa\/"},"modified":"2024-10-24T13:30:19","modified_gmt":"2024-10-24T12:30:19","slug":"politica-de-privadesa","status":"publish","type":"page","link":"https:\/\/espai71.com\/ca\/politica-de-privadesa\/","title":{"rendered":"Pol\u00edtica de Privadesa"},"content":{"rendered":"\t\t<div data-elementor-type=\"wp-page\" data-elementor-id=\"458\" class=\"elementor elementor-458 elementor-252\" data-elementor-post-type=\"page\">\n\t\t\t\t<div class=\"elementor-element elementor-element-75e564fa e-flex e-con-boxed e-con e-parent\" data-id=\"75e564fa\" data-element_type=\"container\" data-settings=\"{&quot;background_background&quot;:&quot;classic&quot;}\">\n\t\t\t\t\t<div class=\"e-con-inner\">\n\t\t<div class=\"elementor-element elementor-element-64773c02 e-con-full e-flex e-con e-child\" data-id=\"64773c02\" data-element_type=\"container\">\n\t\t\t\t<div class=\"elementor-element elementor-element-262d1b67 elementor-widget elementor-widget-heading\" data-id=\"262d1b67\" data-element_type=\"widget\" data-widget_type=\"heading.default\">\n\t\t\t\t<div class=\"elementor-widget-container\">\n\t\t\t\t\t<p class=\"elementor-heading-title elementor-size-default\">Pol\u00edtica de privadesa<\/p>\t\t\t\t<\/div>\n\t\t\t\t<\/div>\n\t\t\t\t<div class=\"elementor-element elementor-element-5afab8cc elementor-widget elementor-widget-text-editor\" data-id=\"5afab8cc\" data-element_type=\"widget\" data-widget_type=\"text-editor.default\">\n\t\t\t\t<div class=\"elementor-widget-container\">\n\t\t\t\t\t\t\t\t\t<p><strong>1. Introducci\u00f3<\/strong><br \/>A<em> Espai71<\/em>, propietat de Mariona Olivella Rovirosa (DNI 77312448H), ens comprometem a protegir la privadesa i seguretat de les dades personals dels nostres usuaris. Aquesta pol\u00edtica de privadesa explica com recopilem, utilitzem, emmagatzemem i protegim la teva informaci\u00f3. <\/p>\n<p><strong>2. Informaci\u00f3 que Recopilem<\/strong><br \/>Recopilem informaci\u00f3 personal que ens proporciones directament quan interactues amb la nostra web, com a nom, adre\u00e7a de correu electr\u00f2nic, n\u00famero de tel\u00e8fon, i qualsevol altra dada necess\u00e0ria per prestar els nostres serveis. Tamb\u00e9 podem recopilar dades autom\u00e0ticament a trav\u00e9s de galetes o tecnologies similars quan navegues per la nostra p\u00e0gina. <\/p>\n<p><strong>3. Finalitat del Tractament de les Dades<\/strong><br \/>Utilitzem les dades que recopilem per a:<\/p>\n<ul>\n<li>Proveir els nostres serveis.<\/li>\n<li>Comunicar-nos amb tu i oferir-te informaci\u00f3 rellevant.<\/li>\n<li>Millorar la nostra p\u00e0gina web i l&#8217;experi\u00e8ncia d&#8217;usuari.<\/li>\n<li>Complir les nostres obligacions legals.<\/li>\n<\/ul>\n<p><strong>4. Compartici\u00f3 de Dades<\/strong><br \/>Les teves dades no seran compartides amb tercers, excepte quan sigui estrictament necessari per a la prestaci\u00f3 dels serveis o quan la llei ho exigeixi.<\/p>\n<p><strong>5. Drets de l&#8217;Usuari<\/strong><br \/>Com a usuari, tens dret a accedir, rectificar o eliminar les teves dades, aix\u00ed com a oposar-te o limitar-ne el tractament. Per exercir els teus drets, ens pots contactar al <em>c\/ cal bolet 16, 08720 Vilafranca del Pened\u00e8s,<\/em> Barcelona, o enviant un correu a hola@espai71.com. <\/p>\n<p><strong>6. Seguretat de les Dades<\/strong><br \/>Adoptem mesures de seguretat t\u00e8cniques i organitzatives per protegir les teves dades davant d&#8217;accessos no autoritzats, p\u00e8rdua o destrucci\u00f3.<\/p>\n<p><strong>7. Modificacions a la Pol\u00edtica de Privadesa<\/strong><br \/>Ens reservem el dret de modificar aquesta pol\u00edtica de privadesa en qualsevol moment. Els canvis seran publicats a la nostra web. <\/p>\n\t\t\t\t\t\t\t\t<\/div>\n\t\t\t\t<\/div>\n\t\t\t\t<\/div>\n\t\t\t\t\t<\/div>\n\t\t\t\t<\/div>\n\t\t\t\t<\/div>\n\t\t","protected":false},"excerpt":{"rendered":"<p>Pol\u00edtica de privadesa 1. Introducci\u00f3A Espai71, propietat de Mariona Olivella Rovirosa (DNI 77312448H), ens comprometem a protegir la privadesa i seguretat de les dades personals dels nostres usuaris. Aquesta pol\u00edtica de privadesa explica com recopilem, utilitzem, emmagatzemem i protegim la teva informaci\u00f3. 2. Informaci\u00f3 que RecopilemRecopilem informaci\u00f3 personal que ens proporciones directament quan interactues amb [&hellip;]<\/p>\n","protected":false},"author":1,"featured_media":0,"parent":0,"menu_order":0,"comment_status":"closed","ping_status":"closed","template":"","meta":{"footnotes":""},"class_list":["post-458","page","type-page","status-publish","hentry"],"_links":{"self":[{"href":"https:\/\/espai71.com\/ca\/wp-json\/wp\/v2\/pages\/458","targetHints":{"allow":["GET"]}}],"collection":[{"href":"https:\/\/espai71.com\/ca\/wp-json\/wp\/v2\/pages"}],"about":[{"href":"https:\/\/espai71.com\/ca\/wp-json\/wp\/v2\/types\/page"}],"author":[{"embeddable":true,"href":"https:\/\/espai71.com\/ca\/wp-json\/wp\/v2\/users\/1"}],"replies":[{"embeddable":true,"href":"https:\/\/espai71.com\/ca\/wp-json\/wp\/v2\/comments?post=458"}],"version-history":[{"count":0,"href":"https:\/\/espai71.com\/ca\/wp-json\/wp\/v2\/pages\/458\/revisions"}],"wp:attachment":[{"href":"https:\/\/espai71.com\/ca\/wp-json\/wp\/v2\/media?parent=458"}],"curies":[{"name":"wp","href":"https:\/\/api.w.org\/{rel}","templated":true}]}}